{"id":1912,"date":"2023-05-05T22:48:36","date_gmt":"2023-05-05T22:48:36","guid":{"rendered":"https:\/\/tplabs.co\/congin\/?page_id=1912"},"modified":"2024-07-30T14:26:29","modified_gmt":"2024-07-30T14:26:29","slug":"about-company","status":"publish","type":"page","link":"https:\/\/tsynwood.com\/tr\/about-company\/","title":{"rendered":"\u015eirket hakk\u0131nda"},"content":{"rendered":"<p><img fetchpriority=\"high\" width=\"842\" height=\"595\" src=\"https:\/\/tsynwood.com\/wp-content\/uploads\/2023\/05\/gear-canvas.svg\" alt=\"\" decoding=\"async\" \/><br \/>\n\t\t\t\t\/ Firmam\u0131z hakk\u0131nda<\/p>\n<h2>Tsynwood \u015firketi 1999 y\u0131l\u0131nda Belarus&#8217;ta kuruldu.<\/h2>\n<p>Bu s\u00fcre zarf\u0131nda, pazara uygun bir \u00fcr\u00fcn yelpazesiyle girerek yaln\u0131zca net bir \u00fcretim politikas\u0131 olu\u015fturmakla kalmay\u0131p, ayn\u0131 zamanda yap\u0131\u015ft\u0131r\u0131lm\u0131\u015f ah\u015fap \u00fcr\u00fcnlerin i\u015flenmesi ve \u00fcretimi i\u00e7in Belaruslu i\u015fletmeler aras\u0131nda bu sekt\u00f6rde tan\u0131nm\u0131\u015f bir lider olmay\u0131 ba\u015fard\u0131k. \u00dcr\u00fcnlerimizi T\u00fcrkiye&#8217;ye de ihra\u00e7 ediyoruz.<br \/>\u00dcretimde 50&#8217;den fazla \u00e7al\u0131\u015fan \u00e7al\u0131\u015f\u0131yor. \u0130\u015fletmenin \u00fcretim kapasitesi 3000 m3 yap\u0131\u015ft\u0131r\u0131lm\u0131\u015f \u00fcr\u00fcn ve 1000 tondur. y\u0131lda \u0131s\u0131tma ruf briketleri.<\/p>\n<p>\t\t\t            Y\u00fcksek kaliteli \u00fcr\u00fcnleri garanti ediyoruz<br \/>\n\t\t\t            Tsynwood uzmanlar\u0131, her i\u015flemden sonra \u00fcr\u00fcnlerin kalitesini kontrol eder ve paketleme a\u015famas\u0131ndan \u00f6nce bitmi\u015f \u00fcr\u00fcn\u00fc dikkatlice kontrol eder.<br \/>\n\t\t\t            \u00dcr\u00fcn yelpazemizde \u00e7e\u015fitli kesitlerde yakla\u015f\u0131k 20 \u00e7e\u015fit yap\u0131\u015ft\u0131r\u0131lm\u0131\u015f kereste bulunmaktad\u0131r. M\u00fc\u015fterinin iste\u011fine g\u00f6re, yap\u0131\u015ft\u0131r\u0131c\u0131n\u0131n herhangi bir kesitinin ve yap\u0131s\u0131n\u0131n yap\u0131\u015ft\u0131r\u0131lm\u0131\u015f \u00fcr\u00fcnleri \u00fcretilmektedir.<br \/>\n\t\t\t            Her M\u00fc\u015fteriyle bireysel bir programa g\u00f6re \u00e7al\u0131\u015farak M\u00fc\u015fteri taleplerine h\u0131zl\u0131 bir \u015fekilde yan\u0131t veriyoruz.<br \/>\n\t\t\t            \u00dcr\u00fcnlerimizi T\u00fcrkiye&#8217;de sat\u0131yoruz<br \/>\n\u041a\u043e\u043d\u0442\u0430\u043a\u0442\u044b <br \/>\n<a href=\"tel:+375296146883\"><br \/>\n                                                +375 29 614 68 83<\/a><a href=\"tel:+375296146883\"><br \/>\n<a href=\"tel:+375293341973\">                  +375 29 334 19 73<\/a><br \/>\n\u041f\u0438\u0448\u0438\u0442\u0435, \u043e\u0442\u0432\u0435\u0442\u0438\u043c \u0432<br \/>Telegram \/ Watsapp<br \/>\n<a href=\"https:\/\/t.me\/Vit2016830\">                                          <svg aria-hidden=\"true\" viewBox=\"0 0 496 512\" xmlns=\"http:\/\/www.w3.org\/2000\/svg\"><path d=\"M248 8C111 8 0 119 0 256s111 248 248 248 248-111 248-248S385 8 248 8zm121.8 169.9l-40.7 191.8c-3 13.6-11.1 16.9-22.4 10.5l-62-45.7-29.9 28.8c-3.3 3.3-6.1 6.1-12.5 6.1l4.4-63.1 114.9-103.8c5-4.4-1.1-6.9-7.7-2.5l-142 89.4-61.2-19.1c-13.3-4.2-13.6-13.3 2.8-19.7l239.1-92.2c11.1-4 20.8 2.7 17.2 19.5z\"><\/path><\/svg>                                                                                                <\/a> \t\t \t\t<a href=\"https:\/\/wa.me\/+375296146883\">                                          <svg aria-hidden=\"true\" viewBox=\"0 0 448 512\" xmlns=\"http:\/\/www.w3.org\/2000\/svg\"><path d=\"M224 122.8c-72.7 0-131.8 59.1-131.9 131.8 0 24.9 7 49.2 20.2 70.1l3.1 5-13.3 48.6 49.9-13.1 4.8 2.9c20.2 12 43.4 18.4 67.1 18.4h.1c72.6 0 133.3-59.1 133.3-131.8 0-35.2-15.2-68.3-40.1-93.2-25-25-58-38.7-93.2-38.7zm77.5 188.4c-3.3 9.3-19.1 17.7-26.7 18.8-12.6 1.9-22.4.9-47.5-9.9-39.7-17.2-65.7-57.2-67.7-59.8-2-2.6-16.2-21.5-16.2-41s10.2-29.1 13.9-33.1c3.6-4 7.9-5 10.6-5 2.6 0 5.3 0 7.6.1 2.4.1 5.7-.9 8.9 6.8 3.3 7.9 11.2 27.4 12.2 29.4s1.7 4.3.3 6.9c-7.6 15.2-15.7 14.6-11.6 21.6 15.3 26.3 30.6 35.4 53.9 47.1 4 2 6.3 1.7 8.6-1 2.3-2.6 9.9-11.6 12.5-15.5 2.6-4 5.3-3.3 8.9-2 3.6 1.3 23.1 10.9 27.1 12.9s6.6 3 7.6 4.6c.9 1.9.9 9.9-2.4 19.1zM400 32H48C21.5 32 0 53.5 0 80v352c0 26.5 21.5 48 48 48h352c26.5 0 48-21.5 48-48V80c0-26.5-21.5-48-48-48zM223.9 413.2c-26.6 0-52.7-6.7-75.8-19.3L64 416l22.5-82.2c-13.9-24-21.2-51.3-21.2-79.3C65.4 167.1 136.5 96 223.9 96c42.4 0 82.2 16.5 112.2 46.5 29.9 30 47.9 69.8 47.9 112.2 0 87.4-72.7 158.5-160.1 158.5z\"><\/path><\/svg>                                                                                                <\/a><br \/>\n\t\t\t\t\/<br \/>\n\t\t\t\t\u00d6nceliklerimiz<\/p>\n<h2>SOOO &#8220;TSYNWOOD&#8221; un be\u015f temel ilkesi<\/h2>\n<p>                        <img width=\"120\" height=\"120\" src=\"https:\/\/tsynwood.com\/wp-content\/uploads\/2024\/04\/utp1-2.webp\" alt=\"\" decoding=\"async\" srcset=\"https:\/\/tsynwood.com\/wp-content\/uploads\/2024\/04\/utp1-2.webp 120w, https:\/\/tsynwood.com\/wp-content\/uploads\/2024\/04\/utp1-2-60x60.webp 60w\" sizes=\"(max-width: 120px) 100vw, 120px\" \/>                    <\/p>\n<h3>AH\u015eAP<\/h3>\n<p>\u00dcretimde A s\u0131n\u0131f\u0131 y\u00fcksek kaliteli \u00e7am kullan\u0131yoruz. G\u00f6vdenin d\u00fczl\u00fc\u011f\u00fc, ah\u015fab\u0131n yo\u011funlu\u011fu ve d\u00fcz lifler gibi kalitenin \u00f6zellikle iyi bir kombinasyonunu temsil eden.<br \/>\n                        <img width=\"120\" height=\"120\" src=\"https:\/\/tsynwood.com\/wp-content\/uploads\/2024\/04\/utp2-2.webp\" alt=\"\" decoding=\"async\" srcset=\"https:\/\/tsynwood.com\/wp-content\/uploads\/2024\/04\/utp2-2.webp 120w, https:\/\/tsynwood.com\/wp-content\/uploads\/2024\/04\/utp2-2-60x60.webp 60w\" sizes=\"(max-width: 120px) 100vw, 120px\" \/>                    <\/p>\n<h3>HAMMADDE<\/h3>\n<p>Yaln\u0131zca Belarus&#8217;ta ve \u0131ft rosenheim pencere teknolojileri Enstit\u00fcs\u00fc&#8217;nde (Almanya) test edilmi\u015f ve sertifikaland\u0131r\u0131lm\u0131\u015f Avrupal\u0131 bir \u00fcretici olan en iyi sertifikal\u0131 yap\u0131\u015ft\u0131r\u0131c\u0131lar\u0131 kullan\u0131yoruz.<br \/>\n                        <img loading=\"lazy\" width=\"120\" height=\"120\" src=\"https:\/\/tsynwood.com\/wp-content\/uploads\/2024\/04\/utp3.webp\" alt=\"\" decoding=\"async\" srcset=\"https:\/\/tsynwood.com\/wp-content\/uploads\/2024\/04\/utp3.webp 120w, https:\/\/tsynwood.com\/wp-content\/uploads\/2024\/04\/utp3-60x60.webp 60w\" sizes=\"(max-width: 120px) 100vw, 120px\" \/>                    <\/p>\n<h3>EK\u0130PMAN VE TES\u0130SLER<\/h3>\n<p>Yap\u0131\u015ft\u0131r\u0131lm\u0131\u015f \u00fcr\u00fcnler, modern ekipmanlarla donat\u0131lm\u0131\u015f \u00f6zel at\u00f6lyelerde \u00fcretilmektedir. At\u00f6lyelerde \u00f6zel bir sabit iklim kontrol\u00fc vard\u0131r &#8211; ba\u011f\u0131l nem% 65 ve s\u0131cakl\u0131k en az + 19 \u00b0 c&#8217;dir. \u00dcr\u00fcnlerin y\u00fcksek kalitesi, iki a\u015famal\u0131 \u00f6zel bir kurutma i\u015flemi ile elde edilir. Bu, y\u00fcksek Avrupa standartlar\u0131na ve en talepkar m\u00fc\u015fterilerin taleplerine uygun, \u00fcretilen \u00fcr\u00fcnlerin y\u00fcksek kalitesine ula\u015f\u0131lmas\u0131n\u0131 m\u00fcmk\u00fcn k\u0131lmaktad\u0131r.<br \/>\n                        <img loading=\"lazy\" width=\"120\" height=\"120\" src=\"https:\/\/tsynwood.com\/wp-content\/uploads\/2024\/04\/utp4.webp\" alt=\"\" decoding=\"async\" srcset=\"https:\/\/tsynwood.com\/wp-content\/uploads\/2024\/04\/utp4.webp 120w, https:\/\/tsynwood.com\/wp-content\/uploads\/2024\/04\/utp4-60x60.webp 60w\" sizes=\"(max-width: 120px) 100vw, 120px\" \/>                    <\/p>\n<h3>PERSONEL<\/h3>\n<p>\u015eirket, 15 y\u0131l\u0131 a\u015fk\u0131n deneyime sahip y\u00fcksek vas\u0131fl\u0131 uzmanlara sahiptir<br \/>\n                        <img loading=\"lazy\" width=\"120\" height=\"120\" src=\"https:\/\/tsynwood.com\/wp-content\/uploads\/2024\/04\/utp5.webp\" alt=\"\" decoding=\"async\" srcset=\"https:\/\/tsynwood.com\/wp-content\/uploads\/2024\/04\/utp5.webp 120w, https:\/\/tsynwood.com\/wp-content\/uploads\/2024\/04\/utp5-60x60.webp 60w\" sizes=\"(max-width: 120px) 100vw, 120px\" \/>                    <\/p>\n<h3>KAL\u0130TE \u0130ZLEME<\/h3>\n<p>\u00dcretimin t\u00fcm a\u015famalar\u0131n\u0131n direktiflere ve kalite ve g\u00fcvenlik y\u00f6netim sistemine g\u00f6re s\u00fcrekli izlenmesi. hammaddeler, yar\u0131 mamul \u00fcr\u00fcnler ve bitmi\u015f \u00fcr\u00fcnler OTC taraf\u0131ndan s\u00fcrekli olarak kontrol edilmektedir.<br \/>\n\t\t\t\t\/TAVS\u0130YE MEKTUPLARI<\/p>\n<h2>Ortaklar\u0131m\u0131z bizim hakk\u0131m\u0131zda ne s\u00f6yl\u00fcyor<\/h2>\n<h3>000 &#8220;\u0412\u0443\u0434\u0435\u0440-\u0413\u0440\u0443\u043f\u043f&#8221;<\/h3>\n<p><a href=\"\/wp-content\/uploads\/2024\/04\/blag4.webp\"><img loading=\"lazy\" decoding=\"async\" src=\"https:\/\/tsynwood.by\/wp-content\/uploads\/2024\/04\/blag4-214x300.webp\" alt=\"\" width=\"214\" height=\"300\" \/><\/a>                         <\/p>\n<h3>DIVA Group<\/h3>\n<p><a href=\"\/wp-content\/uploads\/2024\/04\/blag3.webp\"><img loading=\"lazy\" decoding=\"async\" src=\"https:\/\/tsynwood.by\/wp-content\/uploads\/2024\/04\/blag3-212x300.webp\" alt=\"\" width=\"212\" height=\"300\" \/><\/a>                         <\/p>\n<h3>Winwood<\/h3>\n<p><a href=\"\/wp-content\/uploads\/2024\/04\/blag1.1.webp\"><img loading=\"lazy\" decoding=\"async\" src=\"\/wp-content\/uploads\/2024\/04\/blag1.1-211x300.webp\" alt=\"\" width=\"212\" height=\"300\" \/><\/a>                         <\/p>\n<h3>&#8220;\u0421\u043a\u0430\u043d\u0434\u0438 \u0412\u0443\u0434 \u0418\u043d\u0434\u0443\u0441\u0442\u0440\u0438\u044f&#8221;<\/h3>\n<p><a href=\"\/wp-content\/uploads\/2024\/04\/blag2.1.webp\"><img loading=\"lazy\" decoding=\"async\" src=\"\/wp-content\/uploads\/2024\/04\/blag2.1-215x300.webp\" alt=\"\" width=\"212\" height=\"300\" \/><\/a>                         <\/p>\n<h3>OOO &#8220;\u041a\u043e\u043c\u0438\u0440\u0443\u0441-\u0422\u0435\u0445\u043d\u043e&#8221;<\/h3>\n<p><a href=\"\/wp-content\/uploads\/2024\/04\/blag5.webp\"><img loading=\"lazy\" decoding=\"async\" src=\"\/wp-content\/uploads\/2024\/04\/blag5-212x300.webp\" alt=\"\" width=\"212\" height=\"300\" \/><\/a><\/p>\n","protected":false},"excerpt":{"rendered":"<p>\/ Firmam\u0131z hakk\u0131nda Tsynwood \u015firketi 1999 y\u0131l\u0131nda Belarus&#8217;ta kuruldu. Bu s\u00fcre zarf\u0131nda, pazara uygun bir \u00fcr\u00fcn yelpazesiyle girerek yaln\u0131zca net bir \u00fcretim politikas\u0131 olu\u015fturmakla kalmay\u0131p, ayn\u0131 zamanda yap\u0131\u015ft\u0131r\u0131lm\u0131\u015f ah\u015fap \u00fcr\u00fcnlerin i\u015flenmesi ve \u00fcretimi i\u00e7in Belaruslu i\u015fletmeler aras\u0131nda bu sekt\u00f6rde tan\u0131nm\u0131\u015f bir lider olmay\u0131 ba\u015fard\u0131k. \u00dcr\u00fcnlerimizi T\u00fcrkiye&#8217;ye de ihra\u00e7 ediyoruz.\u00dcretimde 50&#8217;den<\/p>\n","protected":false},"author":1,"featured_media":0,"parent":0,"menu_order":0,"comment_status":"closed","ping_status":"closed","template":"","meta":{"inline_featured_image":false,"footnotes":""},"class_list":["post-1912","page","type-page","status-publish","hentry"],"translation":{"provider":"WPGlobus","version":"2.12.2","language":"tr","enabled_languages":["gb","tr"],"languages":{"gb":{"title":true,"content":true,"excerpt":false},"tr":{"title":true,"content":true,"excerpt":false}}},"yoast_head":"<!-- This site is optimized with the Yoast SEO plugin v22.7 - https:\/\/yoast.com\/wordpress\/plugins\/seo\/ -->\n<title>\u015eirket hakk\u0131nda - Tsynwood LLC<\/title>\n<meta name=\"robots\" content=\"index, follow, max-snippet:-1, max-image-preview:large, max-video-preview:-1\" \/>\n<link rel=\"canonical\" href=\"https:\/\/tsynwood.com\/about-company\/\" \/>\n<meta property=\"og:locale\" content=\"tr_TR\" \/>\n<meta property=\"og:type\" content=\"article\" \/>\n<meta property=\"og:title\" content=\"\u015eirket hakk\u0131nda - Tsynwood LLC\" \/>\n<meta property=\"og:url\" content=\"https:\/\/tsynwood.com\/about-company\/\" \/>\n<meta property=\"og:site_name\" content=\"Tsynwood LLC\" \/>\n<meta property=\"article:modified_time\" content=\"2024-07-30T14:26:29+00:00\" \/>\n<meta property=\"og:image\" content=\"https:\/\/tsynwood.com\/wp-content\/uploads\/2023\/05\/gear-canvas.svg\" \/>\n<meta name=\"twitter:card\" content=\"summary_large_image\" \/>\n<meta name=\"twitter:label1\" content=\"Tahmini okuma s\u00fcresi\" \/>\n\t<meta name=\"twitter:data1\" content=\"4 dakika\" \/>\n<script type=\"application\/ld+json\" class=\"yoast-schema-graph\">{\"@context\":\"https:\/\/schema.org\",\"@graph\":[{\"@type\":\"WebPage\",\"@id\":\"https:\/\/tsynwood.com\/about-company\/\",\"url\":\"https:\/\/tsynwood.com\/about-company\/\",\"name\":\"\u015eirket hakk\u0131nda - Tsynwood LLC\",\"isPartOf\":{\"@id\":\"https:\/\/tsynwood.com\/#website\"},\"primaryImageOfPage\":{\"@id\":\"https:\/\/tsynwood.com\/about-company\/#primaryimage\"},\"image\":{\"@id\":\"https:\/\/tsynwood.com\/about-company\/#primaryimage\"},\"thumbnailUrl\":\"https:\/\/tsynwood.com\/wp-content\/uploads\/2023\/05\/gear-canvas.svg\",\"datePublished\":\"2023-05-05T22:48:36+00:00\",\"dateModified\":\"2024-07-30T14:26:29+00:00\",\"breadcrumb\":{\"@id\":\"https:\/\/tsynwood.com\/about-company\/#breadcrumb\"},\"inLanguage\":\"tr\",\"potentialAction\":[{\"@type\":\"ReadAction\",\"target\":[\"https:\/\/tsynwood.com\/about-company\/\"]}]},{\"@type\":\"ImageObject\",\"inLanguage\":\"tr\",\"@id\":\"https:\/\/tsynwood.com\/about-company\/#primaryimage\",\"url\":\"https:\/\/tsynwood.com\/wp-content\/uploads\/2023\/05\/gear-canvas.svg\",\"contentUrl\":\"https:\/\/tsynwood.com\/wp-content\/uploads\/2023\/05\/gear-canvas.svg\"},{\"@type\":\"BreadcrumbList\",\"@id\":\"https:\/\/tsynwood.com\/about-company\/#breadcrumb\",\"itemListElement\":[{\"@type\":\"ListItem\",\"position\":1,\"name\":\"\u0413\u043b\u0430\u0432\u043d\u0430\u044f \u0441\u0442\u0440\u0430\u043d\u0438\u0446\u0430\",\"item\":\"https:\/\/tsynwood.com\/\"},{\"@type\":\"ListItem\",\"position\":2,\"name\":\"About company\"}]},{\"@type\":\"WebSite\",\"@id\":\"https:\/\/tsynwood.com\/#website\",\"url\":\"https:\/\/tsynwood.com\/\",\"name\":\"\u0421\u041e\u041e\u041e \\\"\u0426\u044b\u043d\u0432\u0443\u0434\\\"\",\"description\":\"Manufacturer of glued wood products in Belarus\",\"publisher\":{\"@id\":\"https:\/\/tsynwood.com\/#organization\"},\"alternateName\":\"\u0421\u041e\u041e\u041e \\\"\u0426\u044b\u043d\u0432\u0443\u0434\\\"\",\"potentialAction\":[{\"@type\":\"SearchAction\",\"target\":{\"@type\":\"EntryPoint\",\"urlTemplate\":\"https:\/\/tsynwood.com\/?s={search_term_string}\"},\"query-input\":\"required name=search_term_string\"}],\"inLanguage\":\"tr\"},{\"@type\":\"Organization\",\"@id\":\"https:\/\/tsynwood.com\/#organization\",\"name\":\"\u0421\u041e\u041e\u041e \\\"\u0426\u044b\u043d\u0432\u0443\u0434\\\"\",\"url\":\"https:\/\/tsynwood.com\/\",\"logo\":{\"@type\":\"ImageObject\",\"inLanguage\":\"tr\",\"@id\":\"https:\/\/tsynwood.com\/#\/schema\/logo\/image\/\",\"url\":\"https:\/\/tsynwood.by\/wp-content\/uploads\/2023\/05\/logonotfon.webp\",\"contentUrl\":\"https:\/\/tsynwood.by\/wp-content\/uploads\/2023\/05\/logonotfon.webp\",\"width\":2434,\"height\":755,\"caption\":\"\u0421\u041e\u041e\u041e \\\"\u0426\u044b\u043d\u0432\u0443\u0434\\\"\"},\"image\":{\"@id\":\"https:\/\/tsynwood.com\/#\/schema\/logo\/image\/\"}}]}<\/script>\n<!-- \/ Yoast SEO plugin. -->","yoast_head_json":{"title":"\u015eirket hakk\u0131nda - Tsynwood LLC","robots":{"index":"index","follow":"follow","max-snippet":"max-snippet:-1","max-image-preview":"max-image-preview:large","max-video-preview":"max-video-preview:-1"},"canonical":"https:\/\/tsynwood.com\/about-company\/","og_locale":"tr_TR","og_type":"article","og_title":"\u015eirket hakk\u0131nda - Tsynwood LLC","og_url":"https:\/\/tsynwood.com\/about-company\/","og_site_name":"Tsynwood LLC","article_modified_time":"2024-07-30T14:26:29+00:00","og_image":[{"url":"https:\/\/tsynwood.com\/wp-content\/uploads\/2023\/05\/gear-canvas.svg"}],"twitter_card":"summary_large_image","twitter_misc":{"Tahmini okuma s\u00fcresi":"4 dakika"},"schema":{"@context":"https:\/\/schema.org","@graph":[{"@type":"WebPage","@id":"https:\/\/tsynwood.com\/about-company\/","url":"https:\/\/tsynwood.com\/about-company\/","name":"\u015eirket hakk\u0131nda - Tsynwood LLC","isPartOf":{"@id":"https:\/\/tsynwood.com\/#website"},"primaryImageOfPage":{"@id":"https:\/\/tsynwood.com\/about-company\/#primaryimage"},"image":{"@id":"https:\/\/tsynwood.com\/about-company\/#primaryimage"},"thumbnailUrl":"https:\/\/tsynwood.com\/wp-content\/uploads\/2023\/05\/gear-canvas.svg","datePublished":"2023-05-05T22:48:36+00:00","dateModified":"2024-07-30T14:26:29+00:00","breadcrumb":{"@id":"https:\/\/tsynwood.com\/about-company\/#breadcrumb"},"inLanguage":"tr","potentialAction":[{"@type":"ReadAction","target":["https:\/\/tsynwood.com\/about-company\/"]}]},{"@type":"ImageObject","inLanguage":"tr","@id":"https:\/\/tsynwood.com\/about-company\/#primaryimage","url":"https:\/\/tsynwood.com\/wp-content\/uploads\/2023\/05\/gear-canvas.svg","contentUrl":"https:\/\/tsynwood.com\/wp-content\/uploads\/2023\/05\/gear-canvas.svg"},{"@type":"BreadcrumbList","@id":"https:\/\/tsynwood.com\/about-company\/#breadcrumb","itemListElement":[{"@type":"ListItem","position":1,"name":"\u0413\u043b\u0430\u0432\u043d\u0430\u044f \u0441\u0442\u0440\u0430\u043d\u0438\u0446\u0430","item":"https:\/\/tsynwood.com\/"},{"@type":"ListItem","position":2,"name":"About company"}]},{"@type":"WebSite","@id":"https:\/\/tsynwood.com\/#website","url":"https:\/\/tsynwood.com\/","name":"\u0421\u041e\u041e\u041e \"\u0426\u044b\u043d\u0432\u0443\u0434\"","description":"Manufacturer of glued wood products in Belarus","publisher":{"@id":"https:\/\/tsynwood.com\/#organization"},"alternateName":"\u0421\u041e\u041e\u041e \"\u0426\u044b\u043d\u0432\u0443\u0434\"","potentialAction":[{"@type":"SearchAction","target":{"@type":"EntryPoint","urlTemplate":"https:\/\/tsynwood.com\/?s={search_term_string}"},"query-input":"required name=search_term_string"}],"inLanguage":"tr"},{"@type":"Organization","@id":"https:\/\/tsynwood.com\/#organization","name":"\u0421\u041e\u041e\u041e \"\u0426\u044b\u043d\u0432\u0443\u0434\"","url":"https:\/\/tsynwood.com\/","logo":{"@type":"ImageObject","inLanguage":"tr","@id":"https:\/\/tsynwood.com\/#\/schema\/logo\/image\/","url":"https:\/\/tsynwood.by\/wp-content\/uploads\/2023\/05\/logonotfon.webp","contentUrl":"https:\/\/tsynwood.by\/wp-content\/uploads\/2023\/05\/logonotfon.webp","width":2434,"height":755,"caption":"\u0421\u041e\u041e\u041e \"\u0426\u044b\u043d\u0432\u0443\u0434\""},"image":{"@id":"https:\/\/tsynwood.com\/#\/schema\/logo\/image\/"}}]}},"_links":{"self":[{"href":"https:\/\/tsynwood.com\/tr\/wp-json\/wp\/v2\/pages\/1912","targetHints":{"allow":["GET"]}}],"collection":[{"href":"https:\/\/tsynwood.com\/tr\/wp-json\/wp\/v2\/pages"}],"about":[{"href":"https:\/\/tsynwood.com\/tr\/wp-json\/wp\/v2\/types\/page"}],"author":[{"embeddable":true,"href":"https:\/\/tsynwood.com\/tr\/wp-json\/wp\/v2\/users\/1"}],"replies":[{"embeddable":true,"href":"https:\/\/tsynwood.com\/tr\/wp-json\/wp\/v2\/comments?post=1912"}],"version-history":[{"count":166,"href":"https:\/\/tsynwood.com\/tr\/wp-json\/wp\/v2\/pages\/1912\/revisions"}],"predecessor-version":[{"id":7512,"href":"https:\/\/tsynwood.com\/tr\/wp-json\/wp\/v2\/pages\/1912\/revisions\/7512"}],"wp:attachment":[{"href":"https:\/\/tsynwood.com\/tr\/wp-json\/wp\/v2\/media?parent=1912"}],"curies":[{"name":"wp","href":"https:\/\/api.w.org\/{rel}","templated":true}]}}